{"id":3113,"date":"2015-03-09T11:27:16","date_gmt":"2015-03-09T11:27:16","guid":{"rendered":"http:\/\/webnus.biz\/themes\/california-wp\/default\/?page_id=3113"},"modified":"2016-02-22T10:33:54","modified_gmt":"2016-02-22T09:33:54","slug":"about-us","status":"publish","type":"page","link":"http:\/\/www.reisebuero-lust.com\/?page_id=3113","title":{"rendered":"Busreiseinformationen"},"content":{"rendered":"<section class=\"wpb_row vc_row-fluid \"><div class=\"wpb_column vc_column_container vc_col-sm-12\"><div class=\"wpb_wrapper\"><h2 class=\"mex-title\">Informationen zu Busreisen<\/h2><div class=\"vc_tta-container\" data-vc-action=\"collapse\"><div class=\"vc_general vc_tta vc_tta-tabs vc_tta-color-grey vc_tta-style-classic vc_tta-shape-rounded vc_tta-spacing-1 vc_tta-tabs-position-top vc_tta-controls-align-left\"><div class=\"vc_tta-tabs-container\"><ul class=\"vc_tta-tabs-list\"><li class=\"vc_tta-tab vc_active\" data-vc-tab><a href=\"#1456133032641-6013e386-927a\" data-vc-tabs data-vc-container=\".vc_tta\"><span class=\"vc_tta-title-text\">Kostenlose Haltestellen<\/span><\/a><\/li><li class=\"vc_tta-tab\" data-vc-tab><a href=\"#1454496731884-5769c398-8d4f\" data-vc-tabs data-vc-container=\".vc_tta\"><span class=\"vc_tta-title-text\">Geb\u00fchrenpflichtige Haltestellen<\/span><\/a><\/li><li class=\"vc_tta-tab\" data-vc-tab><a href=\"#1454498378036-66414430-d67a\" data-vc-tabs data-vc-container=\".vc_tta\"><span class=\"vc_tta-title-text\">Haust\u00fcrabholung<\/span><\/a><\/li><li class=\"vc_tta-tab\" data-vc-tab><a href=\"#1454498485982-2ba17fbc-2cf5\" data-vc-tabs data-vc-container=\".vc_tta\"><span class=\"vc_tta-title-text\">Gruppenabholung<\/span><\/a><\/li><\/ul><\/div><div class=\"vc_tta-panels-container\"><div class=\"vc_tta-panels\"><div class=\"vc_tta-panel vc_active\" id=\"1456133032641-6013e386-927a\" data-vc-content=\".vc_tta-panel-body\"><div class=\"vc_tta-panel-heading\"><h4 class=\"vc_tta-panel-title\"><a href=\"#1456133032641-6013e386-927a\" data-vc-accordion data-vc-container=\".vc_tta-container\"><span class=\"vc_tta-title-text\">Kostenlose Haltestellen<\/span><\/a><\/h4><\/div><div class=\"vc_tta-panel-body\"><div class=\"sub-content\"><h6 class=\"h-sub-content\">Kostenlos:<\/h6><\/div><div class=\"vc_row wpb_row vc_inner vc_row-fluid\"><div class=\"wpb_column vc_column_container vc_col-sm-4\"><div class=\"wpb_wrapper\">\n\t<div class=\"wpb_text_column wpb_content_element \">\n\t\t<div class=\"wpb_wrapper\">\n\t\t\t<ul>\n<li>H\u00f6chst i. Odw.<\/li>\n<li>Bad K\u00f6nig<\/li>\n<li>M\u00f6mlingen<\/li>\n<li>Erbach<\/li>\n<li>Beerfelden<\/li>\n<li>Gro\u00df &#8211; Umstadt<\/li>\n<\/ul>\n\n\t\t<\/div>\n\t<\/div>\n<\/div><\/div><div class=\"wpb_column vc_column_container vc_col-sm-4\"><div class=\"wpb_wrapper\">\n\t<div class=\"wpb_text_column wpb_content_element \">\n\t\t<div class=\"wpb_wrapper\">\n\t\t\t<ul>\n<li>M\u00f6mlingen<\/li>\n<li>Obernburg<\/li>\n<li>L\u00fctzelbach<\/li>\n<li>W\u00f6rth am Main<\/li>\n<li>Vielbrunn<\/li>\n<li>Brensbach<\/li>\n<\/ul>\n\n\t\t<\/div>\n\t<\/div>\n<\/div><\/div><div class=\"wpb_column vc_column_container vc_col-sm-4\"><div class=\"wpb_wrapper\">\n\t<div class=\"wpb_text_column wpb_content_element \">\n\t\t<div class=\"wpb_wrapper\">\n\t\t\t<ul>\n<li>Gro\u00df &#8211; Zimmern<\/li>\n<li>Aschaffenburg Busbahnhof<\/li>\n<li>Darmstadt HBF West \/ Zweifalltorweg<\/li>\n<li>Frankfurt HBF S\u00fcd Hotel Monopol<\/li>\n<li>Reinheim<\/li>\n<li>Dieburg<\/li>\n<\/ul>\n\n\t\t<\/div>\n\t<\/div>\n<\/div><\/div><\/div><\/div><\/div><div class=\"vc_tta-panel\" id=\"1454496731884-5769c398-8d4f\" data-vc-content=\".vc_tta-panel-body\"><div class=\"vc_tta-panel-heading\"><h4 class=\"vc_tta-panel-title\"><a href=\"#1454496731884-5769c398-8d4f\" data-vc-accordion data-vc-container=\".vc_tta-container\"><span class=\"vc_tta-title-text\">Geb\u00fchrenpflichtige Haltestellen<\/span><\/a><\/h4><\/div><div class=\"vc_tta-panel-body\"><div class=\"sub-content\"><h6 class=\"h-sub-content\">Preis: 15 \u20ac<\/h6><\/div><div class=\"vc_row wpb_row vc_inner vc_row-fluid\"><div class=\"wpb_column vc_column_container vc_col-sm-4\"><div class=\"wpb_wrapper\">\n\t<div class=\"wpb_text_column wpb_content_element \">\n\t\t<div class=\"wpb_wrapper\">\n\t\t\t<ul>\n<li>Dietzenbach<\/li>\n<li>Dreieich<\/li>\n<li>Langen<\/li>\n<li>Neu-Isenburg<\/li>\n<li>M\u00f6rfelden-Walldorf<\/li>\n<li>Mannheim, Busbahnhof<\/li>\n<li>Miltenberg, Bhf.<\/li>\n<\/ul>\n\n\t\t<\/div>\n\t<\/div>\n<\/div><\/div><div class=\"wpb_column vc_column_container vc_col-sm-4\"><div class=\"wpb_wrapper\">\n\t<div class=\"wpb_text_column wpb_content_element \">\n\t\t<div class=\"wpb_wrapper\">\n\t\t\t<ul>\n<li>Hanau HBF<\/li>\n<li>Eberbach, Bhf<\/li>\n<li>Bensheim, Busbahnhof am Bhf.<\/li>\n<li>Weinheim, HBF<\/li>\n<li>Seligenstadt, Kapellenplatz<\/li>\n<li>Ludwigshafen, Busbahnhof<\/li>\n<\/ul>\n\n\t\t<\/div>\n\t<\/div>\n<\/div><\/div><div class=\"wpb_column vc_column_container vc_col-sm-4\"><div class=\"wpb_wrapper\">\n\t<div class=\"wpb_text_column wpb_content_element \">\n\t\t<div class=\"wpb_wrapper\">\n\t\t\t<ul>\n<li>Mainz, Kaiser-Wilhelm-Ring<\/li>\n<li>Heidelberg, HBF Willy-Brandt-Platz<\/li>\n<li>Offenbach, HBF Bismarckstra\u00dfe<\/li>\n<li>Heppenheim, Bhf. Kalderer Stra\u00dfe<\/li>\n<li>Ober- Roden, Marktplatz<\/li>\n<li>Wiesbaden, ZOB Salzbach\/Gartenfeldstr.<\/li>\n<\/ul>\n\n\t\t<\/div>\n\t<\/div>\n<\/div><\/div><\/div><\/div><\/div><div class=\"vc_tta-panel\" id=\"1454498378036-66414430-d67a\" data-vc-content=\".vc_tta-panel-body\"><div class=\"vc_tta-panel-heading\"><h4 class=\"vc_tta-panel-title\"><a href=\"#1454498378036-66414430-d67a\" data-vc-accordion data-vc-container=\".vc_tta-container\"><span class=\"vc_tta-title-text\">Haust\u00fcrabholung<\/span><\/a><\/h4><\/div><div class=\"vc_tta-panel-body\">\n\t<div class=\"wpb_text_column wpb_content_element \">\n\t\t<div class=\"wpb_wrapper\">\n\t\t\t<p>Gegen einen Aufpreis von 30,00 \u20ac (pro Person+Weg) in unserem Zustiegsgebiet.<\/p>\n<p>Bitte haben Sie Verst\u00e4ndnis daf\u00fcr, dass Sie nur an den Stellen aussteigen k\u00f6nnen, an denen Sie eingestiegen sind!<br \/>\nAus Sicherheits- und Zeitgr\u00fcnden k\u00f6nnen keine anderen Ausstiegsstellen angefahren werden.<\/p>\n\n\t\t<\/div>\n\t<\/div>\n<\/div><\/div><div class=\"vc_tta-panel\" id=\"1454498485982-2ba17fbc-2cf5\" data-vc-content=\".vc_tta-panel-body\"><div class=\"vc_tta-panel-heading\"><h4 class=\"vc_tta-panel-title\"><a href=\"#1454498485982-2ba17fbc-2cf5\" data-vc-accordion data-vc-container=\".vc_tta-container\"><span class=\"vc_tta-title-text\">Gruppenabholung<\/span><\/a><\/h4><\/div><div class=\"vc_tta-panel-body\">\n\t<div class=\"wpb_text_column wpb_content_element \">\n\t\t<div class=\"wpb_wrapper\">\n\t\t\t<p>Gerne holen wir Sie und Ihre Gruppe am Heimatort ab. Wir bieten f\u00fcr Gruppen von 10 &#8211; 19 Personen eine Gruppenabholung zu interessanten Konditionen.<\/p>\n\n\t\t<\/div>\n\t<\/div>\n<div class=\"sub-content\"><h6 class=\"h-sub-content\">Kostenlose Gruppenabholung ab 20 Personen<\/h6><\/div>\n\t<div class=\"wpb_text_column wpb_content_element \">\n\t\t<div class=\"wpb_wrapper\">\n\t\t\t<p>Bitte beachten Sie, das f\u00fcr die Transfere, ab und bis Zustiegsort, Kleinfahrzeuge bzw. Taxis eingesetzt werden k\u00f6nnen. Falls m\u00f6glich, m\u00f6chten wir Sie bitten, uns bei der Buchung Ihre Mobilfunknummer anzugeben.<\/p>\n\n\t\t<\/div>\n\t<\/div>\n<\/div><\/div><\/div><\/div><\/div><\/div><div class=\"vc_row wpb_row vc_inner vc_row-fluid\"><div class=\"wpb_column vc_column_container vc_col-sm-12\"><div class=\"wpb_wrapper\"><section\n\tclass=\"vc_cta3-container\">\n\t<div class=\"vc_general vc_cta3 vc_cta3-style-classic vc_cta3-shape-rounded vc_cta3-align-left vc_cta3-color-classic vc_cta3-icon-size-md vc_cta3-actions-right\">\n\t\t\t\t\t\t<div class=\"vc_cta3_content-container\">\n\t\t\t\t\t\t\t\t\t<div class=\"vc_cta3-content\">\n\t\t\t\t<header class=\"vc_cta3-content-header\">\n\t\t\t\t\t<h2>Informieren Sie sich direkt hier:<\/h2>\t\t\t\t\t<h4>Wechsel zu den Gruppenangeboten<\/h4>\t\t\t\t<\/header>\n\t\t\t\t\t\t\t<\/div>\n\t\t\t\t\t\t<div class=\"vc_cta3-actions\"><div class=\"vc_btn3-container vc_btn3-inline\"><a class=\"vc_general vc_btn3 vc_btn3-size-md vc_btn3-shape-rounded vc_btn3-style-modern vc_btn3-color-grey\" href=\"http:\/\/www.reisebuero-lust.com\/?page_id=5820\" title=\"Gruppen und Vereine\" target=\"_self\">Vereine und Gruppen<\/a><\/div>\n<\/div>\t\t<\/div>\n\t\t\t\t\t<\/div>\n<\/section>\n\n<\/div><\/div><\/div><\/div><\/div><\/section>\n","protected":false},"excerpt":{"rendered":"Informationen zu BusreisenKostenlose HaltestellenGeb\u00fchrenpflichtige HaltestellenHaust\u00fcrabholungGruppenabholungKostenlose HaltestellenKostenlos: H\u00f6chst i. Odw. Bad K\u00f6nig M\u00f6mlingen Erbach Beerfelden Gro\u00df - Umstadt M\u00f6mlingen Obernburg L\u00fctzelbach W\u00f6rth am Main Vielbrunn Brensbach Gro\u00df - Zimmern Aschaffenburg Busbahnhof Darmstadt HBF West \/ Zweifalltorweg Frankfurt HBF... <br><br><a class=\"readmore\" href=\"http:\/\/www.reisebuero-lust.com\/?page_id=3113\">Read More<\/a>","protected":false},"author":1,"featured_media":0,"parent":0,"menu_order":0,"comment_status":"open","ping_status":"open","template":"","meta":[],"_links":{"self":[{"href":"http:\/\/www.reisebuero-lust.com\/index.php?rest_route=\/wp\/v2\/pages\/3113"}],"collection":[{"href":"http:\/\/www.reisebuero-lust.com\/index.php?rest_route=\/wp\/v2\/pages"}],"about":[{"href":"http:\/\/www.reisebuero-lust.com\/index.php?rest_route=\/wp\/v2\/types\/page"}],"author":[{"embeddable":true,"href":"http:\/\/www.reisebuero-lust.com\/index.php?rest_route=\/wp\/v2\/users\/1"}],"replies":[{"embeddable":true,"href":"http:\/\/www.reisebuero-lust.com\/index.php?rest_route=%2Fwp%2Fv2%2Fcomments&post=3113"}],"version-history":[{"count":20,"href":"http:\/\/www.reisebuero-lust.com\/index.php?rest_route=\/wp\/v2\/pages\/3113\/revisions"}],"predecessor-version":[{"id":5952,"href":"http:\/\/www.reisebuero-lust.com\/index.php?rest_route=\/wp\/v2\/pages\/3113\/revisions\/5952"}],"wp:attachment":[{"href":"http:\/\/www.reisebuero-lust.com\/index.php?rest_route=%2Fwp%2Fv2%2Fmedia&parent=3113"}],"curies":[{"name":"wp","href":"https:\/\/api.w.org\/{rel}","templated":true}]}}