{"id":5779,"date":"2015-11-05T17:40:34","date_gmt":"2015-11-05T16:40:34","guid":{"rendered":"http:\/\/vorschau-lust.greiter-it.de\/?page_id=5779"},"modified":"2016-02-22T10:37:23","modified_gmt":"2016-02-22T09:37:23","slug":"unser-team","status":"publish","type":"page","link":"http:\/\/www.reisebuero-lust.com\/?page_id=5779","title":{"rendered":"\u00dcber uns"},"content":{"rendered":"<section class=\"wpb_row vc_row-fluid \"><div class=\"wpb_column vc_column_container vc_col-sm-12\"><div class=\"wpb_wrapper\"><h2 class=\"mex-title\">Chronik<\/h2><\/div><\/div><\/section><section class=\"wpb_row vc_row-fluid \"><div class=\"wpb_column vc_column_container vc_col-sm-6\"><div class=\"wpb_wrapper\">\n\t<div class=\"wpb_text_column wpb_content_element \">\n\t\t<div class=\"wpb_wrapper\">\n\t\t\t<p>Sehr geehrte Reiseg\u00e4ste,<\/p>\n<p>heute ist Lust Reisen in der dritten Generation und blickt in diesem Jahr auf 88 erfolgreiche Jahre zur\u00fcck. Das traditionsreiche Unternehmen im Odenwald wurde im Jahre 1928 von Ludwig Lust gegr\u00fcndet. Die Eheleute Gerhard und Karin Lust \u00fcbernahmen 1983 das Unternehmen und bauten es immer mehr auf. Seit Ihr Sohn, Wolfgang Lust, im Jahre 2005 seine Pr\u00fcfungen zum Kfz \u2014Techniker Meister und Betriebswirt absolviert hat, ging die F\u00fchrung nach und nach in seine H\u00e4nde \u00fcber.<\/p>\n<p>In der langen Geschichte des Familienunternehmens mussten und m\u00fcssen wir uns immer wieder Ver\u00e4nderungen und neuen Anforderungen stellen. Es erf\u00fcllt uns mit Dankbarkeit und Stolz, dass wir seit so vielen Jahren erfolgreich f\u00fcr Sie t\u00e4tig sein d\u00fcrfen.<br \/>\nDie Busreise hat sich \u00fcber die Jahre ver\u00e4ndert, die Liebe zum Reisen und die Liebe zu fernen L\u00e4ndern ist geblieben. Nicht nur bei der Gesch\u00e4ftsleitung Wolfgang Lust sondern beim gesamten Reiseteam.<br \/>\nZu unserem Fuhrpark geh\u00f6ren Modernste Fahrzeuge, der Marke Setra, mit neusten Techniken, Bordk\u00fcche, Klimaanlage, Bordtoilette und vollkommene Sicherheits- und Komforteinrichtungen.<br \/>\nAuch Linien- und Ausflugsbusse sowie 2 Kleinbusse geh\u00f6ren zu unserer Flotte, somit ist der Sitzkapazit\u00e4t von 8 bis 50 Sitzpl\u00e4tze gew\u00e4hrleistet.<\/p>\n\n\t\t<\/div>\n\t<\/div>\n<\/div><\/div><div class=\"wpb_column vc_column_container vc_col-sm-6\"><div class=\"wpb_wrapper\">\n\t<div class=\"wpb_text_column wpb_content_element \">\n\t\t<div class=\"wpb_wrapper\">\n\t\t\t<p>Ihre Sicherheit ist uns wichtig!<br \/>\nAlle zum Einsatz kommenden Reisebusse befinden sich auf dem neuesten Stand der Technik,<br \/>\nnicht nur im Hinblick auf die Sicherheit, sondern auch hinsichtlich des Umweltschutzes.<br \/>\nRegelm\u00e4\u00dfige Wartung in unserer betriebseigenen Werkstatt garantiert h\u00f6chste Sicherheit und<br \/>\nKomfort unseres Fuhrparks. Dies \u00fcbernimmt Wolfgang Lust als KfZ-Meister, die Verantwortung in der<br \/>\neigenen Werkstatt und sitzt auch selbst am Steuer der Busse.<br \/>\nDie Reiseabl\u00e4ufe und der Fahrpersonaleinsatz werden unter Einhaltung der gesetzlich geltenden Lenk- und<br \/>\nRuhezeiten geplant. Bei l\u00e4ngeren Fahrten kommt ein Abl\u00f6sefahrer zum Einsatz.<br \/>\nSchulungen und Weiterbildung unseres Fahrpersonal liegt unser sehr am Herzen und werden in Intervallen<br \/>\ndurchgef\u00fchrt.<br \/>\nNur ein leistungsf\u00e4higer Betrieb kann diesen hohen Aufwand f\u00fcr die Sicherheit garantieren \u2014 Sie als unsere<br \/>\nReiseg\u00e4ste profitieren davon und k\u00f6nnen sich uns sorglos anvertrauen.<br \/>\nAm besten f\u00fchren Sie sich gleich unseren \u201eNeuen&#8220; Katalog zu Gem\u00fcte und genie\u00dfen Sie \u201eReise-Vorfreude&#8220; oder besuchen Sie uns auf unserer Homepage.<\/p>\n<p>Mit den besten Empfehlungen<\/p>\n<p>Ihr Wolfgang Lust<\/p>\n\n\t\t<\/div>\n\t<\/div>\n<\/div><\/div><\/section>\n","protected":false},"excerpt":{"rendered":"Chronik Sehr geehrte Reiseg\u00e4ste, heute ist Lust Reisen in der dritten Generation und blickt in diesem Jahr auf 88 erfolgreiche Jahre zur\u00fcck. Das traditionsreiche Unternehmen im Odenwald wurde im Jahre 1928 von Ludwig Lust gegr\u00fcndet. Die Eheleute... <br><br><a class=\"readmore\" href=\"http:\/\/www.reisebuero-lust.com\/?page_id=5779\">Read More<\/a>","protected":false},"author":1,"featured_media":0,"parent":0,"menu_order":0,"comment_status":"closed","ping_status":"closed","template":"","meta":[],"_links":{"self":[{"href":"http:\/\/www.reisebuero-lust.com\/index.php?rest_route=\/wp\/v2\/pages\/5779"}],"collection":[{"href":"http:\/\/www.reisebuero-lust.com\/index.php?rest_route=\/wp\/v2\/pages"}],"about":[{"href":"http:\/\/www.reisebuero-lust.com\/index.php?rest_route=\/wp\/v2\/types\/page"}],"author":[{"embeddable":true,"href":"http:\/\/www.reisebuero-lust.com\/index.php?rest_route=\/wp\/v2\/users\/1"}],"replies":[{"embeddable":true,"href":"http:\/\/www.reisebuero-lust.com\/index.php?rest_route=%2Fwp%2Fv2%2Fcomments&post=5779"}],"version-history":[{"count":9,"href":"http:\/\/www.reisebuero-lust.com\/index.php?rest_route=\/wp\/v2\/pages\/5779\/revisions"}],"predecessor-version":[{"id":5955,"href":"http:\/\/www.reisebuero-lust.com\/index.php?rest_route=\/wp\/v2\/pages\/5779\/revisions\/5955"}],"wp:attachment":[{"href":"http:\/\/www.reisebuero-lust.com\/index.php?rest_route=%2Fwp%2Fv2%2Fmedia&parent=5779"}],"curies":[{"name":"wp","href":"https:\/\/api.w.org\/{rel}","templated":true}]}}