{"id":5820,"date":"2016-02-03T13:41:21","date_gmt":"2016-02-03T12:41:21","guid":{"rendered":"http:\/\/vorschau-lust.greiter-it.de\/?page_id=5820"},"modified":"2016-03-01T14:19:05","modified_gmt":"2016-03-01T13:19:05","slug":"bus-reisen-2016","status":"publish","type":"page","link":"http:\/\/www.reisebuero-lust.com\/?page_id=5820","title":{"rendered":"Gruppen &#038; Vereine"},"content":{"rendered":"<section class=\"wpb_row vc_row-fluid \"><div class=\"wpb_column vc_column_container vc_col-sm-12\"><div class=\"wpb_wrapper\"><h2 class=\"mex-title\">Gruppen &amp; Vereine<\/h2><\/div><\/div><\/section><section class=\"wpb_row vc_row-fluid \"><div class=\"wpb_column vc_column_container vc_col-sm-12\"><div class=\"wpb_wrapper\">\n\t<div class=\"wpb_text_column wpb_content_element \">\n\t\t<div class=\"wpb_wrapper\">\n\t\t\t<p style=\"text-align: left;\">Ob Sie f\u00fcr Ihr Unternehmen, Ihren Verein oder Ihre private Gruppe eine mehrt\u00e4gige Reise oder einen Tagesausflug planen \u2014 Lust Reisen ist genau der richtige Partner f\u00fcr Sie.<br \/>\nEgal, ob Sie eine Fahrt f\u00fcr 8, 30 oder mehr Personen planen &#8211; wir fahren Sie mit modernen Reisebussen sicher ans Ziel. Wir schreiben Entspannung gro\u00df. Nicht nur, dass wir Sie am Abreisetag p\u00fcnktlich am vereinbarten Treffpunkt abholen; am Zielort stehen Ihnen Bus und Fahrer f\u00fcr Ausflugs- und Besichtigungsfahrten zur Verf\u00fcgung.<br \/>\nLust Reisen ist mehr als nur ein zuverl\u00e4ssiger Partner f\u00fcr Bustransfers. Auf Wunsch organisieren wir Ihre Fahrten von A bis Z und stellen Ihnen ein komplettes Angebot mit Unterkunft und Rahmenprogramm zusammen. Egal ob Sie eine St\u00e4dte-, Musical-, Event- oder Rundreise planen. Unsere erfahrenen Mitarbeiter unterst\u00fctzen Sie bei der individuellen Ausarbeitung und Organisation Ihrer Gruppenreise, Buchung von Stadtf\u00fchrungen, Reisebegleitern, Eintrittskarten f\u00fcr Veranstaltungen und vieles mehr. Vermittlung von Reiseversicherungen<br \/>\nSie haben die W\u00fcnsche \u2014 wir haben die L\u00f6sungen!<\/p>\n<p style=\"text-align: left;\">Lassen Sie sich von unserer Leistungsf\u00e4higkeit \u00fcberzeugen.<\/p>\n<p style=\"text-align: center;\">Ihre Reiseexperten<br \/>\nvon<br \/>\nLust Reisen<\/p>\n\n\t\t<\/div>\n\t<\/div>\n<div class=\"sub-content\"><h6 class=\"h-sub-content\">Direkt eine Anfrage absenden:<\/h6><\/div><\/div><\/div><\/section><section class=\"wpb_row vc_row-fluid \"><div class=\"wpb_column vc_column_container vc_col-sm-12\"><div class=\"wpb_wrapper\"><div id=\"dhvcform-5967\"  class=\"dhvc-form-container dhvc-form-icon-pos-left dhvc-form-vertical dhvc-form-flat\">\n<div id=\"dhvc_form_message_5967\" class=\"dhvc-form-message dhvc-form-hidden\">\n<\/div>\n<form data-popup=\"0\" autocomplete=\"off\" data-use-ajax=\"0\" method=\"post\" class=\"dhvcform dhvcform-5967\" enctype=\"multipart\/form-data\">\n<div style=\"display: none;\">\n<input type=\"hidden\" name=\"dhvc_form\" value=\"5967\">\n<input type=\"hidden\" name=\"form_url\" value=\"http:\/\/www.reisebuero-lust.com\/index.php?rest_route=%2Fwp%2Fv2%2Fpages%2F5820\">\n<input type=\"hidden\" name=\"referer\" value=\"\">\n<input type=\"hidden\" name=\"post_id\" value=\"5820\">\n<input type=\"hidden\" name=\"_dhvc_form_nonce\" value=\"acfc899e15\">\n<\/div>\n<div class=\"dhvc-form-inner\">\n<section class=\"wpb_row vc_row-fluid \"><div class=\"wpb_column vc_column_container vc_col-sm-6\"><div class=\"wpb_wrapper\"><div class=\"dhvc-form-group dhvc-form-GruppenName-box dhvc_form_text \">\n<label class=\"dhvc-form-label\" for=\"dhvc_form_control_GruppenName\">Gruppen- oder Vereinsname<\/label>\n<div class=\"dhvc-form-input \">\n<input autocomplete=\"off\" type=\"text\" id=\"dhvc_form_control_GruppenName\" name=\"GruppenName\" value=\"\"  class=\"dhvc-form-control dhvc-form-control-GruppenName dhvc-form-value \"   placeholder=\"\" >\n<\/div><\/div>\n<\/div><\/div><div class=\"wpb_column vc_column_container vc_col-sm-6\"><div class=\"wpb_wrapper\"><\/div><\/div><\/section><section class=\"wpb_row vc_row-fluid \"><div class=\"wpb_column vc_column_container vc_col-sm-6\"><div class=\"wpb_wrapper\"><div class=\"dhvc-form-group dhvc-form-Vorname-box dhvc_form_text \">\n<label class=\"dhvc-form-label\" for=\"dhvc_form_control_Vorname\">Vorname <span class=\"required\">*<\/span><\/label>\n<div class=\"dhvc-form-input \">\n<input autocomplete=\"off\" type=\"text\" id=\"dhvc_form_control_Vorname\" name=\"Vorname\" value=\"\"  class=\"dhvc-form-control dhvc-form-control-Vorname dhvc-form-value dhvc-form-required-entry \"  required aria-required=\"true\"  placeholder=\"\" >\n<\/div><\/div>\n<div class=\"dhvc-form-group dhvc-form-Nachname-box dhvc_form_text \">\n<label class=\"dhvc-form-label\" for=\"dhvc_form_control_Nachname\">Nachname <span class=\"required\">*<\/span><\/label>\n<div class=\"dhvc-form-input \">\n<input autocomplete=\"off\" type=\"text\" id=\"dhvc_form_control_Nachname\" name=\"Nachname\" value=\"\"  class=\"dhvc-form-control dhvc-form-control-Nachname dhvc-form-value dhvc-form-required-entry \"  required aria-required=\"true\"  placeholder=\"\" >\n<\/div><\/div>\n<\/div><\/div><div class=\"wpb_column vc_column_container vc_col-sm-6\"><div class=\"wpb_wrapper\"><div class=\"dhvc-form-group dhvc-form-Strasse-box dhvc_form_text \">\n<label class=\"dhvc-form-label\" for=\"dhvc_form_control_Strasse\">Stra\u00dfe, Hausnummer <span class=\"required\">*<\/span><\/label>\n<div class=\"dhvc-form-input \">\n<input autocomplete=\"off\" type=\"text\" id=\"dhvc_form_control_Strasse\" name=\"Strasse\" value=\"\"  class=\"dhvc-form-control dhvc-form-control-Strasse dhvc-form-value dhvc-form-required-entry \"  required aria-required=\"true\"  placeholder=\"\" >\n<\/div><\/div>\n<div class=\"vc_row wpb_row vc_inner vc_row-fluid\"><div class=\"wpb_column vc_column_container vc_col-sm-4\"><div class=\"wpb_wrapper\"><div class=\"dhvc-form-group dhvc-form-PLZ-box dhvc_form_text \">\n<label class=\"dhvc-form-label\" for=\"dhvc_form_control_PLZ\">PLZ <span class=\"required\">*<\/span><\/label>\n<div class=\"dhvc-form-input \">\n<input autocomplete=\"off\" type=\"text\" id=\"dhvc_form_control_PLZ\" name=\"PLZ\" value=\"\"  class=\"dhvc-form-control dhvc-form-control-PLZ dhvc-form-value dhvc-form-required-entry \"  required aria-required=\"true\"  placeholder=\"\" >\n<\/div><\/div>\n<\/div><\/div><div class=\"wpb_column vc_column_container vc_col-sm-8\"><div class=\"wpb_wrapper\"><div class=\"dhvc-form-group dhvc-form-Ort-box dhvc_form_text \">\n<label class=\"dhvc-form-label\" for=\"dhvc_form_control_Ort\">Ort <span class=\"required\">*<\/span><\/label>\n<div class=\"dhvc-form-input \">\n<input autocomplete=\"off\" type=\"text\" id=\"dhvc_form_control_Ort\" name=\"Ort\" value=\"\"  class=\"dhvc-form-control dhvc-form-control-Ort dhvc-form-value dhvc-form-required-entry \"  required aria-required=\"true\"  placeholder=\"\" >\n<\/div><\/div>\n<\/div><\/div><\/div><\/div><\/div><\/section><section class=\"wpb_row vc_row-fluid \"><div class=\"wpb_column vc_column_container vc_col-sm-6\"><div class=\"wpb_wrapper\"><div class=\"dhvc-form-group dhvc-form-Telefonnummer-box dhvc_form_text \">\n<label class=\"dhvc-form-label\" for=\"dhvc_form_control_Telefonnummer\">Telefonnummer <span class=\"required\">*<\/span><\/label>\n<div class=\"dhvc-form-input \">\n<input autocomplete=\"off\" type=\"text\" id=\"dhvc_form_control_Telefonnummer\" name=\"Telefonnummer\" value=\"\"  class=\"dhvc-form-control dhvc-form-control-Telefonnummer dhvc-form-value dhvc-form-required-entry \"  required aria-required=\"true\"  placeholder=\"\" >\n<\/div><\/div>\n<\/div><\/div><div class=\"wpb_column vc_column_container vc_col-sm-6\"><div class=\"wpb_wrapper\"><div class=\"dhvc-form-group dhvc-form-Email-box dhvc_form_email \">\n<label class=\"dhvc-form-label\" for=\"dhvc_form_control_Email\">Email <span class=\"required\">*<\/span><\/label>\n<div class=\"dhvc-form-input \">\n<input autocomplete=\"off\" type=\"email\" id=\"dhvc_form_control_Email\" name=\"Email\" value=\"\"  class=\"dhvc-form-control dhvc-form-control-Email dhvc-form-value dhvc-form-required-entry dhvc-form-validate-email  \"  required aria-required=\"true\"  placeholder=\"\" >\n<\/div><\/div>\n<\/div><\/div><\/section><section class=\"wpb_row vc_row-fluid \"><div class=\"wpb_column vc_column_container vc_col-sm-12\"><div class=\"wpb_wrapper\"><div class=\"vc_row wpb_row vc_inner vc_row-fluid\"><div class=\"wpb_column vc_column_container vc_col-sm-12\"><div class=\"wpb_wrapper\"><div class=\"vc_empty_space\"  style=\"height: 32px\" ><span\n\t\tclass=\"vc_empty_space_inner\"><\/span><\/div>\n<div class=\"vc_separator wpb_content_element vc_separator_align_center vc_sep_width_100 vc_sep_pos_align_center vc_separator_no_text vc_sep_color_grey\"><span\n\t\tclass=\"vc_sep_holder vc_sep_holder_l\"><span\t\t\tclass=\"vc_sep_line\"><\/span><\/span><span\n\t\tclass=\"vc_sep_holder vc_sep_holder_r\"><span class=\"vc_sep_line\"><\/span><\/span>\n\t<\/div>\n<\/div><\/div><\/div><div class=\"vc_row wpb_row vc_inner vc_row-fluid\"><div class=\"wpb_column vc_column_container vc_col-sm-3\"><div class=\"wpb_wrapper\"><div class=\"dhvc-form-group dhvc-form-Personenanzahl-box dhvc_form_text \">\n<label class=\"dhvc-form-label\" for=\"dhvc_form_control_Personenanzahl\">Personenanzahl <span class=\"required\">*<\/span><\/label>\n<div class=\"dhvc-form-input \">\n<input autocomplete=\"off\" type=\"text\" id=\"dhvc_form_control_Personenanzahl\" name=\"Personenanzahl\" value=\"\"  class=\"dhvc-form-control dhvc-form-control-Personenanzahl dhvc-form-value dhvc-form-required-entry \"  required aria-required=\"true\"  placeholder=\"\" >\n<\/div><\/div>\n<\/div><\/div><div class=\"wpb_column vc_column_container vc_col-sm-9\"><div class=\"wpb_wrapper\"><\/div><\/div><\/div><\/div><\/div><\/section><section class=\"wpb_row vc_row-fluid \"><div class=\"wpb_column vc_column_container vc_col-sm-6\"><div class=\"wpb_wrapper\"><div class=\"dhvc-form-group dhvc-form-Abfahrtsort-box dhvc_form_text \">\n<label class=\"dhvc-form-label\" for=\"dhvc_form_control_Abfahrtsort\">Abfahrtsort <span class=\"required\">*<\/span><\/label>\n<div class=\"dhvc-form-input \">\n<input autocomplete=\"off\" type=\"text\" id=\"dhvc_form_control_Abfahrtsort\" name=\"Abfahrtsort\" value=\"\"  class=\"dhvc-form-control dhvc-form-control-Abfahrtsort dhvc-form-value dhvc-form-required-entry \"  required aria-required=\"true\"  placeholder=\"\" >\n<\/div><\/div>\n<div class=\"dhvc-form-group dhvc-form-Reiseziel-box dhvc_form_text \">\n<label class=\"dhvc-form-label\" for=\"dhvc_form_control_Reiseziel\">Reiseziel <span class=\"required\">*<\/span><\/label>\n<div class=\"dhvc-form-input \">\n<input autocomplete=\"off\" type=\"text\" id=\"dhvc_form_control_Reiseziel\" name=\"Reiseziel\" value=\"\"  class=\"dhvc-form-control dhvc-form-control-Reiseziel dhvc-form-value dhvc-form-required-entry \"  required aria-required=\"true\"  placeholder=\"\" >\n<\/div><\/div>\n<\/div><\/div><div class=\"wpb_column vc_column_container vc_col-sm-6\"><div class=\"wpb_wrapper\"><div class=\"dhvc-form-group dhvc-form-ReisedatumVon-box dhvc_form_datetime \">\n<label class=\"dhvc-form-label\" for=\"dhvc_form_control_ReisedatumVon\">Reisedatum vom <span class=\"required\">*<\/span><\/label>\n<div class=\"dhvc-form-input dhvc-form-has-add-on\">\n<input type=\"text\" id=\"dhvc_form_control_ReisedatumVon\"  data-year-start=\"1950\" data-year-end=\"2050\" data-min-date=\"false\" data-max-date=\"false\" name=\"ReisedatumVon\"  class=\"dhvc-form-control dhvc-form-value dhvc-form-control-ReisedatumVon dhvc-form-datepicker dhvc-form-control dhvc-form-required-entry\"  required aria-required=\"true\"  placeholder=\"\" >\n<span class=\"dhvc-form-add-on\"><i class=\"fa fa-calendar\"><\/i><\/span>\n<\/div>\n<\/div>\n<div class=\"dhvc-form-group dhvc-form-ReisedatumBis-box dhvc_form_datetime \">\n<label class=\"dhvc-form-label\" for=\"dhvc_form_control_ReisedatumBis\">Reisedatum bis <span class=\"required\">*<\/span><\/label>\n<div class=\"dhvc-form-input dhvc-form-has-add-on\">\n<input type=\"text\" id=\"dhvc_form_control_ReisedatumBis\"  data-year-start=\"1950\" data-year-end=\"2050\" data-min-date=\"false\" data-max-date=\"false\" name=\"ReisedatumBis\"  class=\"dhvc-form-control dhvc-form-value dhvc-form-control-ReisedatumBis dhvc-form-datepicker dhvc-form-control dhvc-form-required-entry\"  required aria-required=\"true\"  placeholder=\"\" >\n<span class=\"dhvc-form-add-on\"><i class=\"fa fa-calendar\"><\/i><\/span>\n<\/div>\n<\/div>\n<\/div><\/div><\/section><section class=\"wpb_row vc_row-fluid \"><div class=\"wpb_column vc_column_container vc_col-sm-6\"><div class=\"wpb_wrapper\"><div class=\"vc_empty_space\"  style=\"height: 32px\" ><span\n\t\tclass=\"vc_empty_space_inner\"><\/span><\/div>\n<div class=\"dhvc-form-group dhvc-form-Fahrt-box dhvc_form_radio \">\n<label class=\"dhvc-form-label\">Art der Fahrt <span class=\"required\">*<\/span><\/label>\n<div class=\"dhvc-form-radio\">\n<label for=\"dhvc_form_control_mehrtagesfahrt-mit-hotel-und-programm-gewuenscht_69ded40f9f478\"><input  type=\"radio\"  class=\"dhvc-form-value dhvc-form-control-Fahrt dhvc-form-required-entry\"  id=\"dhvc_form_control_mehrtagesfahrt-mit-hotel-und-programm-gewuenscht_69ded40f9f478\"  name=\"Fahrt\" value=\"Mehrtagesfahrt - mit Hotel und Programm gew\u00fcnscht\"><i><\/i>Mehrtagesfahrt - mit Hotel und Programm gew\u00fcnscht<\/label>\n<label for=\"dhvc_form_control_mehrtagesfahrt-wir-benoetigen-nur-den-bustransfer_69ded40f9f58c\"><input  type=\"radio\"  class=\"dhvc-form-value dhvc-form-control-Fahrt \"  id=\"dhvc_form_control_mehrtagesfahrt-wir-benoetigen-nur-den-bustransfer_69ded40f9f58c\"  name=\"Fahrt\" value=\"Mehrtagesfahrt - wir ben\u00f6tigen nur den Bustransfer\"><i><\/i>Mehrtagesfahrt - wir ben\u00f6tigen nur den Bustransfer<\/label>\n<label for=\"dhvc_form_control_tagesfahrt-mit-programm-gewuenscht_69ded40f9f5e6\"><input  type=\"radio\"  class=\"dhvc-form-value dhvc-form-control-Fahrt \"  id=\"dhvc_form_control_tagesfahrt-mit-programm-gewuenscht_69ded40f9f5e6\"  name=\"Fahrt\" value=\"Tagesfahrt  - mit Programm gew\u00fcnscht\"><i><\/i>Tagesfahrt  - mit Programm gew\u00fcnscht<\/label>\n<label for=\"dhvc_form_control_tagesfahrt-nur-bus-gewuenscht_69ded40f9f65e\"><input  type=\"radio\"  class=\"dhvc-form-value dhvc-form-control-Fahrt \"  id=\"dhvc_form_control_tagesfahrt-nur-bus-gewuenscht_69ded40f9f65e\"  name=\"Fahrt\" value=\"Tagesfahrt - nur Bus gew\u00fcnscht\"><i><\/i>Tagesfahrt - nur Bus gew\u00fcnscht<\/label>\n<\/div><\/div>\n<div class=\"vc_empty_space\"  style=\"height: 32px\" ><span\n\t\tclass=\"vc_empty_space_inner\"><\/span><\/div>\n<div class=\"dhvc-form-group dhvc-form-Rueckruf-box dhvc_form_checkbox \">\n<label class=\"dhvc-form-label\">W\u00fcnschen Sie einen R\u00fcckruf?<\/label>\n<div class=\"dhvc-form-checkbox\">\n<label for=\"dhvc_form_control_ja_69ded40f9fb70\"><input  type=\"checkbox\"  class=\"dhvc-form-value dhvc-form-control-Rueckruf \"  id=\"dhvc_form_control_ja_69ded40f9fb70\"  name=\"Rueckruf\" value=\"Ja\"><i><\/i>Ja<\/label>\n<\/div><\/div>\n<\/div><\/div><div class=\"wpb_column vc_column_container vc_col-sm-6\"><div class=\"wpb_wrapper\"><\/div><\/div><\/section><section class=\"wpb_row vc_row-fluid \"><div class=\"wpb_column vc_column_container vc_col-sm-12\"><div class=\"wpb_wrapper\"><div class=\"vc_row wpb_row vc_inner vc_row-fluid\"><div class=\"wpb_column vc_column_container vc_col-sm-12\"><div class=\"wpb_wrapper\"><div class=\"vc_empty_space\"  style=\"height: 32px\" ><span\n\t\tclass=\"vc_empty_space_inner\"><\/span><\/div>\n<div class=\"vc_separator wpb_content_element vc_separator_align_center vc_sep_width_100 vc_sep_pos_align_center vc_separator_no_text vc_sep_color_grey\"><span\n\t\tclass=\"vc_sep_holder vc_sep_holder_l\"><span\t\t\tclass=\"vc_sep_line\"><\/span><\/span><span\n\t\tclass=\"vc_sep_holder vc_sep_holder_r\"><span class=\"vc_sep_line\"><\/span><\/span>\n\t<\/div>\n<\/div><\/div><\/div><div class=\"dhvc-form-group dhvc-form-Wuensche-box dhvc_form_textarea \">\n<label class=\"dhvc-form-label\" for=\"dhvc_form_control_Wuensche\">W\u00fcnsche oder Anmerkungen<\/label>\n<div class=\"dhvc-form-textarea\">\n<textarea id=\"dhvc_form_control_Wuensche\" name=\"Wuensche\"  class=\"dhvc-form-control dhvc-form-control-Wuensche dhvc-form-value\"   placeholder=\"\" ><\/textarea>\n<\/div><\/div>\n<div class=\"vc_empty_space\"  style=\"height: 32px\" ><span\n\t\tclass=\"vc_empty_space_inner\"><\/span><\/div>\n<div class=\"dhvc-form-action dhvc_form_submit_button \"><button type=\"submit\" class=\"button dhvc-form-submit\"><span class=\"dhvc-form-submit-label\">Absenden<\/span><span class=\"dhvc-form-submit-spinner\"><\/span><\/button><\/div><div class=\"vc_empty_space\"  style=\"height: 32px\" ><span\n\t\tclass=\"vc_empty_space_inner\"><\/span><\/div>\n<\/div><\/div><\/section><section class=\"wpb_row vc_row-fluid \"><div class=\"wpb_column vc_column_container vc_col-sm-12\"><div class=\"wpb_wrapper\">\n\t<div class=\"wpb_text_column wpb_content_element \">\n\t\t<div class=\"wpb_wrapper\">\n\t\t\t<p><span style=\"color: #ff0000;\">* Felder sind Pflichtfelder.<\/span><\/p>\n\n\t\t<\/div>\n\t<\/div>\n<\/div><\/div><\/section><\/div><\/form>\n<\/div>\n<\/div><\/div><\/section>\n","protected":false},"excerpt":{"rendered":"Gruppen &amp; Vereine Ob Sie f\u00fcr Ihr Unternehmen, Ihren Verein oder Ihre private Gruppe eine mehrt\u00e4gige Reise oder einen Tagesausflug planen \u2014 Lust Reisen ist genau der richtige Partner f\u00fcr Sie. Egal, ob Sie eine Fahrt f\u00fcr... <br><br><a class=\"readmore\" href=\"http:\/\/www.reisebuero-lust.com\/?page_id=5820\">Read More<\/a>","protected":false},"author":1,"featured_media":0,"parent":0,"menu_order":0,"comment_status":"closed","ping_status":"closed","template":"","meta":[],"_links":{"self":[{"href":"http:\/\/www.reisebuero-lust.com\/index.php?rest_route=\/wp\/v2\/pages\/5820"}],"collection":[{"href":"http:\/\/www.reisebuero-lust.com\/index.php?rest_route=\/wp\/v2\/pages"}],"about":[{"href":"http:\/\/www.reisebuero-lust.com\/index.php?rest_route=\/wp\/v2\/types\/page"}],"author":[{"embeddable":true,"href":"http:\/\/www.reisebuero-lust.com\/index.php?rest_route=\/wp\/v2\/users\/1"}],"replies":[{"embeddable":true,"href":"http:\/\/www.reisebuero-lust.com\/index.php?rest_route=%2Fwp%2Fv2%2Fcomments&post=5820"}],"version-history":[{"count":25,"href":"http:\/\/www.reisebuero-lust.com\/index.php?rest_route=\/wp\/v2\/pages\/5820\/revisions"}],"predecessor-version":[{"id":5970,"href":"http:\/\/www.reisebuero-lust.com\/index.php?rest_route=\/wp\/v2\/pages\/5820\/revisions\/5970"}],"wp:attachment":[{"href":"http:\/\/www.reisebuero-lust.com\/index.php?rest_route=%2Fwp%2Fv2%2Fmedia&parent=5820"}],"curies":[{"name":"wp","href":"https:\/\/api.w.org\/{rel}","templated":true}]}}